{"id":1622,"date":"2022-11-24T12:46:17","date_gmt":"2022-11-24T11:46:17","guid":{"rendered":"http:\/\/www.domaine-eperviere.com\/bourgogne\/"},"modified":"2023-12-18T01:40:22","modified_gmt":"2023-12-18T00:40:22","slug":"bourgogne","status":"publish","type":"page","link":"https:\/\/www.domaine-eperviere.com\/de\/bourgogne\/","title":{"rendered":"Burgund Entdecken"},"content":{"rendered":"<p>[vc_row section_type=&#8220;fullwidth&#8220; padding_top_multiplier=&#8220;&#8220; padding_bottom_multiplier=&#8220;&#8220; columns_gap=&#8220;none&#8220; separator_top_size=&#8220;30px&#8220; scroll_header_style=&#8220;light&#8220;][vc_column vertical_content_position=&#8220;bottom&#8220; column_fullheight=&#8220;fullheight&#8220;]\n\t\t\t<!-- START Slider 3 REVOLUTION SLIDER 6.6.8 --><p class=\"rs-p-wp-fix\"><\/p>\n\t\t\t<rs-module-wrap id=\"rev_slider_5_1_wrapper\" data-source=\"gallery\" style=\"visibility:hidden;background:transparent;padding:0;\">\n\t\t\t\t<rs-module id=\"rev_slider_5_1\" style=\"\" data-version=\"6.6.8\">\n\t\t\t\t\t<rs-slides style=\"overflow: hidden; position: absolute;\">\n\t\t\t\t\t\t<rs-slide style=\"position: absolute;\" data-key=\"rs-6\" data-title=\"Slide\" data-in=\"o:0;\" data-out=\"a:false;\">\n\t\t\t\t\t\t\t<img decoding=\"async\" src=\"\/\/www.domaine-eperviere.com\/wp-content\/plugins\/revslider\/public\/assets\/assets\/dummy.png\" alt=\"\" title=\"DJI_0870_6.jpeg\" width=\"1920\" height=\"1080\" class=\"rev-slidebg tp-rs-img rs-lazyload\" data-lazyload=\"\/\/www.domaine-eperviere.com\/wp-content\/uploads\/revslider\/video-media\/DJI_0870_6.jpeg\" data-no-retina>\n\t\t\t\t\t\t\t<rs-bgvideo \n\t\t\t\t\t\t\t\tdata-video=\"vc:none;w:100%;h:100%;nse:false;l:true;ptimer:false;\"\n\t\t\t\t\t\t\t\tdata-ytid=\"Xvp3ZLkpl7c\"\n\t\t\t\t\t\t\t\tdata-vatr=\"version=3&amp;enablejsapi=1&amp;html5=1&amp;hd=1&amp;wmode=opaque&amp;showinfo=0&amp;rel=0&amp;origin=https:\/\/www.domaine-eperviere.com;\"\n\t\t\t\t\t\t\t><\/rs-bgvideo>\n<!---->\t\t\t\t\t\t<\/rs-slide>\n\t\t\t\t\t<\/rs-slides>\n\t\t\t\t<\/rs-module>\n\t\t\t\t<script>\n\t\t\t\t\tsetREVStartSize({c: 'rev_slider_5_1',rl:[1240,1024,778,480],el:[900],gw:[1240],gh:[900],type:'standard',justify:'',layout:'fullscreen',offsetContainer:'',offset:'',mh:\"0\"});if (window.RS_MODULES!==undefined && window.RS_MODULES.modules!==undefined && window.RS_MODULES.modules[\"revslider51\"]!==undefined) {window.RS_MODULES.modules[\"revslider51\"].once = false;window.revapi5 = undefined;if (window.RS_MODULES.checkMinimal!==undefined) window.RS_MODULES.checkMinimal()}\n\t\t\t\t<\/script>\n\t\t\t\t<script src=\"https:\/\/www.youtube.com\/iframe_api\"><\/script>\n\t\t\t<\/rs-module-wrap>\n\t\t\t<!-- END REVOLUTION SLIDER -->\n[\/vc_column][\/vc_row][vc_row section_type=&#8220;fullwidth&#8220; section_full_height=&#8220;fullheight&#8220; padding_top_multiplier=&#8220;&#8220; padding_bottom_multiplier=&#8220;&#8220; columns_gap=&#8220;none&#8220; equal_column_height=&#8220;equal-column&#8220;][vc_column vertical_content_position=&#8220;middle&#8220; column_fullheight=&#8220;fullheight&#8220; css=&#8220;.vc_custom_1642013978520{padding-right: 20% !important;padding-left: 20% !important;}&#8220;]<h1 class=\"eut-element eut-title eut-align-left eut-h1\" style=\"\"><span>Entdecken Sie S\u00fcd Burgund mit seinen Weinbergen und charmanten D\u00f6rfern rund um unseren Campingplatz Ch\u00e2teau de l&#8217;Epervi\u00e8re.<\/span><\/h1>[vc_row_inner][vc_column_inner width=&#8220;1\/6&#8243;][\/vc_column_inner][vc_column_inner width=&#8220;5\/6&#8243;][vc_column_text text_style=&#8220;leader-text&#8220; css=&#8220;.vc_custom_1671199885837{margin-bottom: 15px !important;}&#8220;]Unser Campingplatz Bourgogne liegt zwischen Chalon-sur-Sa\u00f4ne und M\u00e2con und ist der ideale Ausgangspunkt f\u00fcr die Erkundung des s\u00fcdlichen Burgunds. Je nach Lust und Laune k\u00f6nnen Sie mit dem Fahrrad auf dem Voie Bleue entlang der Sa\u00f4ne fahren, auf der Weinstra\u00dfe durch die h\u00fcgelige, mit Weinreben bedeckte Landschaft wandern oder das architektonische Erbe unserer Region bewundern, das von der Abtei von Cluny gepr\u00e4gt ist.[\/vc_column_text][\/vc_column_inner][\/vc_row_inner][\/vc_column][\/vc_row][vc_row disable_element=&#8220;yes&#8220; section_full_height=&#8220;fullheight&#8220; padding_top_multiplier=&#8220;2x&#8220; scroll_header_style=&#8220;light&#8220; font_color=&#8220;#ffffff&#8220;][vc_column]<div class=\"eut-empty-space eut-height-2x\" style=\"\"><\/div><h2 class=\"eut-element eut-title eut-align-center eut-h1\" style=\"\"><span>Entdecken Sie die sch\u00f6nsten Orte im S\u00fcdburgund in der N\u00e4he des Campingplatzes Ch\u00e2teau de l&#8217;Epervi\u00e8re<\/span><\/h2>[vc_column_text]<div class=\"codespacing_progress_map_area cspm_linear_gradient_bg\" data-map-id=\"map1416\" data-show-infobox=\"true\" data-infobox-display-event=\"onload\" ><input type=\"hidden\" name=\"cspm_map_page_id_map1416\" id=\"cspm_map_page_id_map1416\" value=\"1622\" \/><div class=\"layout_container fit-in-map\" data-map-id=\"map1416\"><div class=\"map-container\" data-map-id=\"map1416\" style=\"width: 100%;\"><div class=\"cspm-col-lg-12 cspm-col-xs-12 cspm-col-sm-12 cspm-col-md-12\" data-map-id=\"map1416\" style=\"position:relative; overflow:hidden; margin:0; padding:0;\"><div class=\"cspm_custom_controls\" data-map-id=\"map1416\"><div class=\"cspm_map_red_msg_widget cspm_border_shadow cspm_border_radius\" data-map-id=\"map1416\"><\/div><div class=\"cspm_map_green_msg_widget cspm_border_shadow cspm_border_radius\" data-map-id=\"map1416\"><\/div><div class=\"cspm_map_orange_msg_widget cspm_border_shadow cspm_border_radius\" data-map-id=\"map1416\"><\/div><div class=\"cspm_map_blue_msg_widget cspm_border_shadow cspm_border_radius\" data-map-id=\"map1416\"><\/div><div class=\"cspm_map_help_msg_widget cspm_border_shadow cspm_border_radius\" data-map-id=\"map1416\"><\/div><div id=\"pulsating_holder\" class=\"map1416_pulsating\"><div class=\"dot cspm_border_hex\"><\/div><\/div><div class=\"cspm_zoom_container\"><div class=\"cspm_zoom_in_map1416 cspm_map_btn cspm_zoom_in_control cspm_bg_rgb_hover cspm_border_shadow cspm_border_top_radius\" title=\"Zoom in\"><img decoding=\"async\" class=\"cspm_svg cspm_svg_white\" src=\"http:\/\/www.domaine-eperviere.com\/wp-content\/plugins\/codespacing-progress-map\/img\/svg\/addition-sign.svg\" \/><\/div><div class=\"cspm_zoom_out_map1416 cspm_map_btn cspm_zoom_out_control cspm_bg_rgb_hover cspm_border_shadow cspm_border_bottom_radius\" title=\"Zoom out\"><img decoding=\"async\" class=\"cspm_svg cspm_svg_white\" src=\"http:\/\/www.domaine-eperviere.com\/wp-content\/plugins\/codespacing-progress-map\/img\/svg\/minus-sign.svg\" \/><\/div><\/div><div class=\"cluster_posts_widget_map1416 cspm_border_shadow cspm_border_radius\"><div class=\"cspm_infobox_spinner cspm_border_top_after_hex\"><\/div><\/div><div class=\"cspm_recenter_map_btn cspm_map_btn cspm_border_shadow cspm_border_radius\" data-map-id=\"map1416\" title=\"Recenter the map\" style=\"top:115px\"><img decoding=\"async\" class=\"cspm_svg cspm_svg_colored\" src=\"https:\/\/www.domaine-eperviere.com\/wp-content\/plugins\/codespacing-progress-map\/img\/svg\/recenter.svg\" \/><\/div><div class=\"cspm_map_sidebars\" data-map-id=\"map1416\"><div class=\"cspm_sidebar top\" data-map-id=\"map1416\" data-content_id=\"\"><\/div><div class=\"cspm_sidebar right\" data-map-id=\"map1416\" data-content_id=\"\"><\/div><div class=\"cspm_sidebar bottom\" data-map-id=\"map1416\" data-content_id=\"\"><\/div><div class=\"cspm_sidebar left\" data-map-id=\"map1416\" data-content_id=\"\"><\/div><\/div><\/div><div id=\"codespacing_progress_map_div_map1416\" data-map-id=\"map1416\" style=\"height:;\"><\/div><\/div><\/div><\/div><\/div>[\/vc_column_text][\/vc_column][\/vc_row][vc_row heading_color=&#8220;light&#8220; bg_type=&#8220;image&#8220; bg_image=&#8220;954&#8243; color_overlay=&#8220;dark&#8220; opacity_overlay=&#8220;80&#8243; padding_top_multiplier=&#8220;&#8220; padding_bottom_multiplier=&#8220;&#8220; columns_gap=&#8220;none&#8220; equal_column_height=&#8220;equal-column&#8220; scroll_header_style=&#8220;light&#8220;][vc_column vertical_content_position=&#8220;middle&#8220; width=&#8220;1\/2&#8243; column_fullheight=&#8220;fullheight&#8220; css=&#8220;.vc_custom_1644448733979{padding-right: 20% !important;padding-left: 20% !important;}&#8220;]<h2 class=\"eut-element eut-title eut-align-left eut-h1\" style=\"\"><span>Castel Camping Ch\u00e2teau de l&#8217;Epervi\u00e8re<\/span><\/h2>[vc_row_inner][vc_column_inner width=&#8220;1\/6&#8243;][\/vc_column_inner][vc_column_inner width=&#8220;5\/6&#8243;][vc_column_text]<span style=\"color: #ecf0f1;\">Castel &#8211; Camping Ch\u00e2teau de l&#8217;Epervi\u00e8re<\/span><br \/>\n<span style=\"color: #ecf0f1;\">6, Rue du ch\u00e2teau<\/span><br \/>\n<span style=\"color: #ecf0f1;\">71240 Gigny sur Sa\u00f4ne &#8211; Bourgogne<\/span><br \/>\n<span style=\"color: #ecf0f1;\">T\u00e9l. : +33 3 85 94 16 90<\/span><br \/>\n<span style=\"color: #ecf0f1;\"><a style=\"color: #ecf0f1;\" href=\"mailto:info@domaine-eperviere.com\">info@domaine-eperviere.com<\/a><\/span><\/p>\n<p>[\/vc_column_text]\t\t\t<div class=\"eut-element eut-social eut-align-left\" style=\"\">\r\n\t\t\t\t<ul>\r\n\t\t\t\t\t\t\t\t\t\t<li><a href=\"mailto:?subject=Burgund%20Entdecken&#038;body=Burgund%20Entdecken:%20https:\/\/www.domaine-eperviere.com\/de\/bourgogne\/\" title=\"Burgund Entdecken\" class=\"eut-small eut-circle eut-with-shape eut-simple eut-bg-red eut-social-share-email\"><i class=\"eut-text-white fa fa-envelope\"><\/i><\/a><\/li>\r\n\t\t\t\t\t\t\t\t\t\t\t\t\t\t\t<li><a href=\"https:\/\/www.domaine-eperviere.com\/de\/bourgogne\/\" title=\"Burgund Entdecken\" class=\"eut-small eut-circle eut-with-shape eut-simple eut-bg-red eut-social-share-facebook\"><i class=\"eut-text-white fa fa-facebook\"><\/i><\/a><\/li>\r\n\t\t\t\t\t\t\t\t\t\t\t\t\t\t\t\t\t\t\t\t\t\t\t\t\t\t\t\t\t\t\t\t\t\t\t\r\n\t\t\t\t<\/ul>\r\n\t\t\t<\/div>\r\n\t\t<div class=\"eut-empty-space eut-height-6x\" style=\"\"><\/div><div class=\"eut-empty-space eut-height-1x\" style=\"\"><\/div>[\/vc_column_inner][\/vc_row_inner][\/vc_column][vc_column vertical_content_position=&#8220;middle&#8220; width=&#8220;1\/2&#8243; tablet_sm_width=&#8220;hide&#8220; mobile_width=&#8220;hide&#8220; column_fullheight=&#8220;fullheight&#8220; css=&#8220;.vc_custom_1670358900883{padding-right: 20px !important;background-position: center !important;background-repeat: no-repeat !important;background-size: cover !important;}&#8220;][vc_raw_js]JTNDY3R2LW1hcHMlMjAlM0UlM0MlMkZjdHYtbWFwcyUzRQ==[\/vc_raw_js]<div class=\"eut-empty-space eut-height-1x\" style=\"\"><\/div><div class=\"eut-element eut-gallery eut-isotope eut-with-gap\" style=\"\" data-columns=\"5\" data-columns-large-screen=\"5\" data-columns-tablet-landscape=\"3\" data-columns-tablet-portrait=\"2\" data-columns-mobile=\"1\" data-layout=\"masonry\" data-gutter-size=\"5\">  <div class=\"eut-isotope-container\"><div class=\"eut-isotope-item eut-hover-item eut-hover-style-none\">  <figure class=\"eut-image-hover\">    <div class=\"eut-hover-overlay eut-bg-light eut-opacity-90\"><\/div><div class=\"eut-media\"><img loading=\"lazy\" decoding=\"async\" width=\"90\" height=\"90\" src=\"https:\/\/www.domaine-eperviere.com\/wp-content\/uploads\/2022\/12\/logo-clef-verte-2.png\" class=\"attachment-large size-large\" alt=\"\" \/><\/div>  <\/figure><\/div><div class=\"eut-isotope-item eut-hover-item eut-hover-style-none\">  <figure class=\"eut-image-hover\">    <div class=\"eut-hover-overlay eut-bg-light eut-opacity-90\"><\/div><div class=\"eut-media\"><img loading=\"lazy\" decoding=\"async\" width=\"180\" height=\"180\" src=\"https:\/\/www.domaine-eperviere.com\/wp-content\/uploads\/2022\/12\/logo-adac-2.png\" class=\"attachment-large size-large\" alt=\"\" srcset=\"https:\/\/www.domaine-eperviere.com\/wp-content\/uploads\/2022\/12\/logo-adac-2.png 180w, https:\/\/www.domaine-eperviere.com\/wp-content\/uploads\/2022\/12\/logo-adac-2-150x150.png 150w, https:\/\/www.domaine-eperviere.com\/wp-content\/uploads\/2022\/12\/logo-adac-2-100x100.png 100w\" sizes=\"auto, (max-width: 180px) 100vw, 180px\" \/><\/div>  <\/figure><\/div><div class=\"eut-isotope-item eut-hover-item eut-hover-style-none\">  <figure class=\"eut-image-hover\">    <div class=\"eut-hover-overlay eut-bg-light eut-opacity-90\"><\/div><div class=\"eut-media\"><img loading=\"lazy\" decoding=\"async\" width=\"160\" height=\"160\" src=\"https:\/\/www.domaine-eperviere.com\/wp-content\/uploads\/2022\/12\/motorhome-caravan-club-2.png\" class=\"attachment-large size-large\" alt=\"\" srcset=\"https:\/\/www.domaine-eperviere.com\/wp-content\/uploads\/2022\/12\/motorhome-caravan-club-2.png 160w, https:\/\/www.domaine-eperviere.com\/wp-content\/uploads\/2022\/12\/motorhome-caravan-club-2-150x150.png 150w, https:\/\/www.domaine-eperviere.com\/wp-content\/uploads\/2022\/12\/motorhome-caravan-club-2-100x100.png 100w\" sizes=\"auto, (max-width: 160px) 100vw, 160px\" \/><\/div>  <\/figure><\/div><div class=\"eut-isotope-item eut-hover-item eut-hover-style-none\">  <figure class=\"eut-image-hover\">    <div class=\"eut-hover-overlay eut-bg-light eut-opacity-90\"><\/div><div class=\"eut-media\"><img loading=\"lazy\" decoding=\"async\" width=\"135\" height=\"135\" src=\"https:\/\/www.domaine-eperviere.com\/wp-content\/uploads\/2022\/12\/Camping-key-Europe-2.png\" class=\"attachment-large size-large\" alt=\"\" srcset=\"https:\/\/www.domaine-eperviere.com\/wp-content\/uploads\/2022\/12\/Camping-key-Europe-2.png 135w, https:\/\/www.domaine-eperviere.com\/wp-content\/uploads\/2022\/12\/Camping-key-Europe-2-100x100.png 100w\" sizes=\"auto, (max-width: 135px) 100vw, 135px\" \/><\/div>  <\/figure><\/div><div class=\"eut-isotope-item eut-hover-item eut-hover-style-none\">  <figure class=\"eut-image-hover\">    <div class=\"eut-hover-overlay eut-bg-light eut-opacity-90\"><\/div><div class=\"eut-media\"><img loading=\"lazy\" decoding=\"async\" width=\"110\" height=\"110\" src=\"https:\/\/www.domaine-eperviere.com\/wp-content\/uploads\/2023\/01\/camping-anwb.jpg\" class=\"attachment-large size-large\" alt=\"Camping ANWB\" srcset=\"https:\/\/www.domaine-eperviere.com\/wp-content\/uploads\/2023\/01\/camping-anwb.jpg 110w, https:\/\/www.domaine-eperviere.com\/wp-content\/uploads\/2023\/01\/camping-anwb-100x100.jpg 100w\" sizes=\"auto, (max-width: 110px) 100vw, 110px\" \/><\/div>  <\/figure><\/div>  <\/div><\/div><div class=\"eut-empty-space eut-height-6x\" style=\"\"><\/div><div class=\"eut-empty-space eut-height-1x\" style=\"\"><\/div>[\/vc_column][\/vc_row]<\/p>\n","protected":false},"excerpt":{"rendered":"<p>[vc_row section_type=&#8220;fullwidth&#8220; padding_top_multiplier=&#8220;&#8220; padding_bottom_multiplier=&#8220;&#8220; columns_gap=&#8220;none&#8220; separator_top_size=&#8220;30px&#8220; scroll_header_style=&#8220;light&#8220;][vc_column vertical_content_position=&#8220;bottom&#8220; column_fullheight=&#8220;fullheight&#8220;][\/vc_column][\/vc_row][vc_row section_type=&#8220;fullwidth&#8220; section_full_height=&#8220;fullheight&#8220; padding_top_multiplier=&#8220;&#8220; padding_bottom_multiplier=&#8220;&#8220; columns_gap=&#8220;none&#8220; equal_column_height=&#8220;equal-column&#8220;][vc_column vertical_content_position=&#8220;middle&#8220; column_fullheight=&#8220;fullheight&#8220; css=&#8220;.vc_custom_1642013978520{padding-right: 20% !important;padding-left: 20% !important;}&#8220;][vc_row_inner][vc_column_inner width=&#8220;1\/6&#8243;][\/vc_column_inner][vc_column_inner width=&#8220;5\/6&#8243;][vc_column_text text_style=&#8220;leader-text&#8220; css=&#8220;.vc_custom_1671199885837{margin-bottom: 15px !important;}&#8220;]Unser Campingplatz Bourgogne liegt zwischen Chalon-sur-Sa\u00f4ne und M\u00e2con und ist der ideale Ausgangspunkt f\u00fcr die Erkundung des s\u00fcdlichen Burgunds. Je nach Lust und Laune k\u00f6nnen Sie mit dem [&hellip;]<\/p>\n","protected":false},"author":1,"featured_media":0,"parent":0,"menu_order":0,"comment_status":"closed","ping_status":"closed","template":"page-templates\/template-full-page.php","meta":{"footnotes":""},"class_list":["post-1622","page","type-page","status-publish","hentry"],"_links":{"self":[{"href":"https:\/\/www.domaine-eperviere.com\/de\/wp-json\/wp\/v2\/pages\/1622","targetHints":{"allow":["GET"]}}],"collection":[{"href":"https:\/\/www.domaine-eperviere.com\/de\/wp-json\/wp\/v2\/pages"}],"about":[{"href":"https:\/\/www.domaine-eperviere.com\/de\/wp-json\/wp\/v2\/types\/page"}],"author":[{"embeddable":true,"href":"https:\/\/www.domaine-eperviere.com\/de\/wp-json\/wp\/v2\/users\/1"}],"replies":[{"embeddable":true,"href":"https:\/\/www.domaine-eperviere.com\/de\/wp-json\/wp\/v2\/comments?post=1622"}],"version-history":[{"count":7,"href":"https:\/\/www.domaine-eperviere.com\/de\/wp-json\/wp\/v2\/pages\/1622\/revisions"}],"predecessor-version":[{"id":2572,"href":"https:\/\/www.domaine-eperviere.com\/de\/wp-json\/wp\/v2\/pages\/1622\/revisions\/2572"}],"wp:attachment":[{"href":"https:\/\/www.domaine-eperviere.com\/de\/wp-json\/wp\/v2\/media?parent=1622"}],"curies":[{"name":"wp","href":"https:\/\/api.w.org\/{rel}","templated":true}]}}